{"id":70,"date":"2021-02-14T19:37:01","date_gmt":"2021-02-14T18:37:01","guid":{"rendered":"https:\/\/purbasari.nl\/?page_id=70"},"modified":"2022-12-04T12:28:32","modified_gmt":"2022-12-04T11:28:32","slug":"purbasari-koffie-en-thee","status":"publish","type":"page","link":"https:\/\/purbasari.nl\/","title":{"rendered":"Koffiebranderij"},"content":{"rendered":"\n<figure class=\"wp-block-gallery has-nested-images columns-default is-cropped wp-block-gallery-1 is-layout-flex wp-block-gallery-is-layout-flex\">\n<figure class=\"wp-block-image size-large\"><img loading=\"lazy\" decoding=\"async\" width=\"1024\" height=\"683\" data-id=\"193\" src=\"https:\/\/purbasari.nl\/wp-content\/uploads\/2021\/03\/Rauwe-koffie-1024x683.jpg\" alt=\"\" class=\"wp-image-193\" srcset=\"https:\/\/purbasari.nl\/wp-content\/uploads\/2021\/03\/Rauwe-koffie-1024x683.jpg 1024w, https:\/\/purbasari.nl\/wp-content\/uploads\/2021\/03\/Rauwe-koffie-300x200.jpg 300w, https:\/\/purbasari.nl\/wp-content\/uploads\/2021\/03\/Rauwe-koffie-768x512.jpg 768w, https:\/\/purbasari.nl\/wp-content\/uploads\/2021\/03\/Rauwe-koffie-612x408.jpg 612w, https:\/\/purbasari.nl\/wp-content\/uploads\/2021\/03\/Rauwe-koffie-936x624.jpg 936w, https:\/\/purbasari.nl\/wp-content\/uploads\/2021\/03\/Rauwe-koffie-720x480.jpg 720w, https:\/\/purbasari.nl\/wp-content\/uploads\/2021\/03\/Rauwe-koffie.jpg 1086w\" sizes=\"auto, (max-width: 1024px) 100vw, 1024px\" \/><\/figure>\n\n\n\n<figure class=\"wp-block-image size-large\"><img loading=\"lazy\" decoding=\"async\" width=\"804\" height=\"1024\" data-id=\"215\" src=\"https:\/\/purbasari.nl\/wp-content\/uploads\/2021\/03\/DSC_7072-1-804x1024.jpeg\" alt=\"\" class=\"wp-image-215\" srcset=\"https:\/\/purbasari.nl\/wp-content\/uploads\/2021\/03\/DSC_7072-1-804x1024.jpeg 804w, https:\/\/purbasari.nl\/wp-content\/uploads\/2021\/03\/DSC_7072-1-235x300.jpeg 235w, https:\/\/purbasari.nl\/wp-content\/uploads\/2021\/03\/DSC_7072-1-768x978.jpeg 768w, https:\/\/purbasari.nl\/wp-content\/uploads\/2021\/03\/DSC_7072-1-612x780.jpeg 612w, https:\/\/purbasari.nl\/wp-content\/uploads\/2021\/03\/DSC_7072-1-936x1192.jpeg 936w, https:\/\/purbasari.nl\/wp-content\/uploads\/2021\/03\/DSC_7072-1-720x917.jpeg 720w, https:\/\/purbasari.nl\/wp-content\/uploads\/2021\/03\/DSC_7072-1.jpeg 1000w\" sizes=\"auto, (max-width: 804px) 100vw, 804px\" \/><\/figure>\n\n\n\n<figure class=\"wp-block-image size-large\"><img loading=\"lazy\" decoding=\"async\" width=\"904\" height=\"1024\" data-id=\"216\" src=\"https:\/\/purbasari.nl\/wp-content\/uploads\/2021\/03\/Opa-Jan-bij-auto-904x1024.jpg\" alt=\"\" class=\"wp-image-216\" srcset=\"https:\/\/purbasari.nl\/wp-content\/uploads\/2021\/03\/Opa-Jan-bij-auto-904x1024.jpg 904w, https:\/\/purbasari.nl\/wp-content\/uploads\/2021\/03\/Opa-Jan-bij-auto-265x300.jpg 265w, https:\/\/purbasari.nl\/wp-content\/uploads\/2021\/03\/Opa-Jan-bij-auto-768x870.jpg 768w, https:\/\/purbasari.nl\/wp-content\/uploads\/2021\/03\/Opa-Jan-bij-auto-612x693.jpg 612w, https:\/\/purbasari.nl\/wp-content\/uploads\/2021\/03\/Opa-Jan-bij-auto-936x1061.jpg 936w, https:\/\/purbasari.nl\/wp-content\/uploads\/2021\/03\/Opa-Jan-bij-auto-720x816.jpg 720w, https:\/\/purbasari.nl\/wp-content\/uploads\/2021\/03\/Opa-Jan-bij-auto.jpg 969w\" sizes=\"auto, (max-width: 904px) 100vw, 904px\" \/><\/figure>\n<\/figure>\n\n\n\n<p><strong>Welkom bij Purbasari Koffie &amp; Thee. Al 30 jaar ben ik, Pieter, bezig met koffie. Sinds 2009 brand ik mijn eigen koffiebonen. In 2018 heb ik een professionele brander gekocht om ook voor anderen koffie te branden op bestelling. <\/strong><\/p>\n\n\n\n<p>De koffiebonen komen direct van lokale boeren in verschillende landen. Daarnaast zijn het allemaal Single Origin koffiebonen. Dit houdt in dat de koffie van \u00e9\u00e9n bepaalde regio, co\u00f6peratie of plantage afkomstig is. Dit maakt de koffie bijzonder en zorgt voor een unieke smaak. Alle koffies die Pieter inkoopt zijn Arabica&#8217;s.<\/p>\n\n\n\n<figure class=\"wp-block-image size-large\"><img loading=\"lazy\" decoding=\"async\" width=\"1023\" height=\"631\" src=\"https:\/\/purbasari.nl\/wp-content\/uploads\/2021\/03\/Koffiekopje-Joke.jpeg\" alt=\"\" class=\"wp-image-194\" srcset=\"https:\/\/purbasari.nl\/wp-content\/uploads\/2021\/03\/Koffiekopje-Joke.jpeg 1023w, https:\/\/purbasari.nl\/wp-content\/uploads\/2021\/03\/Koffiekopje-Joke-300x185.jpeg 300w, https:\/\/purbasari.nl\/wp-content\/uploads\/2021\/03\/Koffiekopje-Joke-768x474.jpeg 768w, https:\/\/purbasari.nl\/wp-content\/uploads\/2021\/03\/Koffiekopje-Joke-612x377.jpeg 612w, https:\/\/purbasari.nl\/wp-content\/uploads\/2021\/03\/Koffiekopje-Joke-936x577.jpeg 936w, https:\/\/purbasari.nl\/wp-content\/uploads\/2021\/03\/Koffiekopje-Joke-720x444.jpeg 720w\" sizes=\"auto, (max-width: 1023px) 100vw, 1023px\" \/><\/figure>\n\n\n\n<p><strong>Barista op locatie<\/strong><br>Je kunt Pieter ook inhuren voor evenementen, koffieproeverijen en workshops. Ben je benieuwd naar een specifieke koffie? Tip Pieter en wie weet wordt hij toegevoegd aan het assortiment!<\/p>\n\n\n\n<figure class=\"wp-block-image size-large\"><img loading=\"lazy\" decoding=\"async\" width=\"1024\" height=\"718\" src=\"https:\/\/purbasari.nl\/wp-content\/uploads\/2021\/03\/purbasari-1024x718.jpg\" alt=\"\" class=\"wp-image-195\" srcset=\"https:\/\/purbasari.nl\/wp-content\/uploads\/2021\/03\/purbasari-1024x718.jpg 1024w, https:\/\/purbasari.nl\/wp-content\/uploads\/2021\/03\/purbasari-300x210.jpg 300w, https:\/\/purbasari.nl\/wp-content\/uploads\/2021\/03\/purbasari-768x539.jpg 768w, https:\/\/purbasari.nl\/wp-content\/uploads\/2021\/03\/purbasari-1536x1077.jpg 1536w, https:\/\/purbasari.nl\/wp-content\/uploads\/2021\/03\/purbasari-2048x1436.jpg 2048w, https:\/\/purbasari.nl\/wp-content\/uploads\/2021\/03\/purbasari-612x429.jpg 612w, https:\/\/purbasari.nl\/wp-content\/uploads\/2021\/03\/purbasari-1224x859.jpg 1224w, https:\/\/purbasari.nl\/wp-content\/uploads\/2021\/03\/purbasari-936x657.jpg 936w, https:\/\/purbasari.nl\/wp-content\/uploads\/2021\/03\/purbasari-1872x1313.jpg 1872w, https:\/\/purbasari.nl\/wp-content\/uploads\/2021\/03\/purbasari-1440x1010.jpg 1440w, https:\/\/purbasari.nl\/wp-content\/uploads\/2021\/03\/purbasari-720x505.jpg 720w\" sizes=\"auto, (max-width: 1024px) 100vw, 1024px\" \/><figcaption><em>Hierboven zie je het huis van Pieters ouders en de theeonderneming die zij samen hadden. Een plantage genaamd Purbasari gelegen op Java, Indonesi\u00eb.<\/em><\/figcaption><\/figure>\n\n\n\n<p>Wil je meer weten over koffie of wil je graag advies over welke koffie j\u00edj het lekkerst vindt? Mail dan naar info@purbasari.nl<\/p>\n","protected":false},"excerpt":{"rendered":"<p>Welkom bij Purbasari Koffie &amp; Thee. Al 30 jaar ben ik, Pieter, bezig met koffie. Sinds 2009 brand ik mijn eigen koffiebonen. In 2018 heb ik een professionele brander gekocht om ook voor anderen koffie te branden op bestelling. De koffiebonen komen direct van lokale boeren in verschillende landen. Daarnaast zijn het allemaal Single Origin&#8230; <a href=\"https:\/\/purbasari.nl\/\">Continue reading <span class=\"screen-reader-text\">&#8220;Koffiebranderij&#8221;<\/span><\/a><\/p>\n","protected":false},"author":2,"featured_media":307,"parent":0,"menu_order":0,"comment_status":"closed","ping_status":"closed","template":"","meta":{"footnotes":""},"class_list":["post-70","page","type-page","status-publish","has-post-thumbnail","hentry"],"_links":{"self":[{"href":"https:\/\/purbasari.nl\/index.php?rest_route=\/wp\/v2\/pages\/70","targetHints":{"allow":["GET"]}}],"collection":[{"href":"https:\/\/purbasari.nl\/index.php?rest_route=\/wp\/v2\/pages"}],"about":[{"href":"https:\/\/purbasari.nl\/index.php?rest_route=\/wp\/v2\/types\/page"}],"author":[{"embeddable":true,"href":"https:\/\/purbasari.nl\/index.php?rest_route=\/wp\/v2\/users\/2"}],"replies":[{"embeddable":true,"href":"https:\/\/purbasari.nl\/index.php?rest_route=%2Fwp%2Fv2%2Fcomments&post=70"}],"version-history":[{"count":0,"href":"https:\/\/purbasari.nl\/index.php?rest_route=\/wp\/v2\/pages\/70\/revisions"}],"wp:featuredmedia":[{"embeddable":true,"href":"https:\/\/purbasari.nl\/index.php?rest_route=\/wp\/v2\/media\/307"}],"wp:attachment":[{"href":"https:\/\/purbasari.nl\/index.php?rest_route=%2Fwp%2Fv2%2Fmedia&parent=70"}],"curies":[{"name":"wp","href":"https:\/\/api.w.org\/{rel}","templated":true}]}}