{"id":37,"date":"2021-02-14T19:06:13","date_gmt":"2021-02-14T18:06:13","guid":{"rendered":"https:\/\/purbasari.nl\/?page_id=37"},"modified":"2025-08-30T20:37:34","modified_gmt":"2025-08-30T18:37:34","slug":"onze-koffie","status":"publish","type":"page","link":"https:\/\/purbasari.nl\/?page_id=37","title":{"rendered":"Onze koffiebonen"},"content":{"rendered":"\n<p>Bestel hier je verse koffiebonen. Gratis bezorgd in Duiven en omgeving.<\/p>\n\n\n\n<p>Al onze koffies zijn Single Origins van hoge kwaliteit. Single Origin betekent dat de koffiebonen afkomstig zijn van \u00e9\u00e9n bepaalde co\u00f6peratie, plantage of boerderij. Daardoor heeft elke koffie zijn eigen smaak. Leuk om af en toe iets anders uit te proberen!<\/p>\n\n\n\n<figure class=\"wp-block-image size-large\"><img loading=\"lazy\" decoding=\"async\" width=\"1003\" height=\"1024\" src=\"https:\/\/purbasari.nl\/wp-content\/uploads\/2021\/04\/Unknown-1003x1024.jpeg\" alt=\"\" class=\"wp-image-273\" srcset=\"https:\/\/purbasari.nl\/wp-content\/uploads\/2021\/04\/Unknown-1003x1024.jpeg 1003w, https:\/\/purbasari.nl\/wp-content\/uploads\/2021\/04\/Unknown-294x300.jpeg 294w, https:\/\/purbasari.nl\/wp-content\/uploads\/2021\/04\/Unknown-768x784.jpeg 768w, https:\/\/purbasari.nl\/wp-content\/uploads\/2021\/04\/Unknown-1505x1536.jpeg 1505w, https:\/\/purbasari.nl\/wp-content\/uploads\/2021\/04\/Unknown-2007x2048.jpeg 2007w, https:\/\/purbasari.nl\/wp-content\/uploads\/2021\/04\/Unknown-612x625.jpeg 612w, https:\/\/purbasari.nl\/wp-content\/uploads\/2021\/04\/Unknown-1224x1249.jpeg 1224w, https:\/\/purbasari.nl\/wp-content\/uploads\/2021\/04\/Unknown-936x955.jpeg 936w, https:\/\/purbasari.nl\/wp-content\/uploads\/2021\/04\/Unknown-1872x1910.jpeg 1872w, https:\/\/purbasari.nl\/wp-content\/uploads\/2021\/04\/Unknown-1440x1470.jpeg 1440w, https:\/\/purbasari.nl\/wp-content\/uploads\/2021\/04\/Unknown-720x735.jpeg 720w\" sizes=\"auto, (max-width: 1003px) 100vw, 1003px\" \/><\/figure>\n\n\n\n<hr class=\"wp-block-separator has-css-opacity\"\/>\n\n\n\n<p><strong>Brazili\u00eb<\/strong> | Fazenda Rainha, Arabica, Yellow Bourbon (pulped natural) <\/p>\n\n\n\n<p><em>Smaak: <\/em>Deze koffie is door zijn gebalanceerde smaak, diepe chocolade tonen en zachte zuurgraad uitstekend geschikt als espresso. De zoete karamelsmaak in de afdronk ontstaat door de pulped natural-behandelmethode.&nbsp;Ook lekker als basis voor cappuccino.<\/p>\n\n\n\n<p>500 gram \u20ac 12,50<br>1 kilogram \u20ac 24,00<\/p>\n\n\n\n<div class=\"wp-block-buttons is-horizontal is-content-justification-center is-layout-flex wp-container-core-buttons-is-layout-499968f5 wp-block-buttons-is-layout-flex\">\n<div class=\"wp-block-button is-style-fill\"><a class=\"wp-block-button__link has-white-color has-text-color has-background wp-element-button\" href=\"https:\/\/purbasari.nl\/?page_id=41\" style=\"background-color:#4d382e\">Bestel hier<\/a><\/div>\n<\/div>\n\n\n\n<hr class=\"wp-block-separator has-css-opacity\"\/>\n\n\n\n<hr class=\"wp-block-separator has-alpha-channel-opacity\"\/>\n\n\n\n<p><strong>Peru<\/strong> | Cemcavir Co\u00f6peratie Washed Arabica <mark style=\"background-color:rgba(0, 0, 0, 0)\" class=\"has-inline-color has-vivid-green-cyan-color\">Organic <\/mark><em>niet op voorraad<\/em><\/p>\n\n\n\n<p><em>Smaak:<\/em> Deze milde koffie smaakt naar karamel en chocolade. <\/p>\n\n\n\n<p>500 gram \u20ac 11,00<br>1 kilogram \u20ac 20,50<\/p>\n\n\n\n<figure class=\"wp-block-image size-large\"><img loading=\"lazy\" decoding=\"async\" width=\"300\" height=\"138\" src=\"https:\/\/purbasari.nl\/wp-content\/uploads\/2021\/11\/Unbenannt-1-300x138-1.jpeg\" alt=\"\" class=\"wp-image-343\"\/><\/figure>\n\n\n\n<details class=\"wp-block-details is-layout-flow wp-block-details-is-layout-flow\"><summary><\/summary>\n<div class=\"wp-block-buttons is-horizontal is-content-justification-center is-layout-flex wp-container-core-buttons-is-layout-499968f5 wp-block-buttons-is-layout-flex\">\n<div class=\"wp-block-button is-style-fill\"><a class=\"wp-block-button__link has-white-color has-text-color has-background wp-element-button\" href=\"https:\/\/purbasari.nl\/?page_id=334\" style=\"background-color:#4d382e\" target=\"_blank\" rel=\"noreferrer noopener\">Bestel hier<\/a><\/div>\n<\/div>\n<\/details>\n\n\n\n<hr class=\"wp-block-separator has-alpha-channel-opacity\"\/>\n\n\n\n<hr class=\"wp-block-separator has-css-opacity\"\/>\n\n\n\n<p><strong>Colombia<\/strong> | La Manuela-Supremo Arabica  Washed, sun-dried<\/p>\n\n\n\n<p><em>Smaak: <\/em> De smaak van de Colombia Supremo is medium zoet en heeft smaken van tropisch fruit en chocolade. <\/p>\n\n\n\n<p>500 gram \u20ac 11,25<br>1 kilogram \u20ac 21,25<\/p>\n\n\n\n<div class=\"wp-block-buttons is-content-justification-center is-layout-flex wp-container-core-buttons-is-layout-16018d1d wp-block-buttons-is-layout-flex\">\n<div class=\"wp-block-button is-style-fill\"><a class=\"wp-block-button__link has-white-color has-text-color has-background has-text-align-center wp-element-button\" href=\"https:\/\/purbasari.nl\/?page_id=636\" style=\"background-color:#4d382e\">Bestel hier<\/a><\/div>\n<\/div>\n\n\n\n<hr class=\"wp-block-separator has-alpha-channel-opacity\"\/>\n\n\n\n<hr class=\"wp-block-separator has-css-opacity\"\/>\n\n\n\n<p class=\"has-black-color has-text-color has-link-color wp-elements-b51e70aaf8df14cd3841d9d47944513e\"><strong>Guatemala<\/strong> | El Catuai SHB Arabica, <span class=\"has-inline-color has-vivid-green-cyan-color\">Organic<\/span> <em>niet op voorraad <\/em><\/p>\n\n\n\n<p><em>Smaak:<\/em> Deze volle koffie smaakt naar karamel, bruine suiker, citrus en melkchocolade.<\/p>\n\n\n\n<p>500 gram \u20ac 11,25<br>1 kilogram \u20ac 21,25<\/p>\n\n\n\n<div class=\"wp-block-buttons is-horizontal is-content-justification-center is-layout-flex wp-container-core-buttons-is-layout-499968f5 wp-block-buttons-is-layout-flex\">\n<div class=\"wp-block-button is-style-fill\"><a class=\"wp-block-button__link has-white-color has-text-color has-background wp-element-button\" href=\"https:\/\/purbasari.nl\/?page_id=355\" style=\"background-color:#4d382e\">Bestel hier<\/a><\/div>\n<\/div>\n\n\n\n<hr class=\"wp-block-separator has-alpha-channel-opacity\"\/>\n\n\n\n<hr class=\"wp-block-separator has-css-opacity\"\/>\n\n\n\n<p><strong>Tanzania<\/strong> | Ngila Estate, Washed Arabica AB Bourbon <mark style=\"background-color:rgba(0, 0, 0, 0)\" class=\"has-inline-color has-luminous-vivid-orange-color\">niet leverbaar, wel binnengekomen vergelijkbare bonen van Utengule Coffee Estate<\/mark><\/p>\n\n\n\n<p><em>Smaak<\/em>: Deze koffie is fris van smaak. Rood fruit, citrus en een nasmaak van chocolade. Als filterkoffie fris en zoet. Uitstekend als espresso en romig en vol als cappuccino.<\/p>\n\n\n\n<div class=\"wp-block-group\"><div class=\"wp-block-group__inner-container is-layout-flow wp-block-group-is-layout-flow\">\n<figure class=\"wp-block-gallery has-nested-images columns-default is-cropped wp-block-gallery-1 is-layout-flex wp-block-gallery-is-layout-flex\">\n<figure class=\"wp-block-image size-large\"><img loading=\"lazy\" decoding=\"async\" width=\"206\" height=\"206\" data-id=\"237\" src=\"https:\/\/purbasari.nl\/wp-content\/uploads\/2021\/04\/logo-ngila-1.jpeg\" alt=\"\" class=\"wp-image-237\" srcset=\"https:\/\/purbasari.nl\/wp-content\/uploads\/2021\/04\/logo-ngila-1.jpeg 206w, https:\/\/purbasari.nl\/wp-content\/uploads\/2021\/04\/logo-ngila-1-150x150.jpeg 150w\" sizes=\"auto, (max-width: 206px) 100vw, 206px\" \/><\/figure>\n\n\n\n<figure class=\"wp-block-image size-large\"><img loading=\"lazy\" decoding=\"async\" width=\"547\" height=\"307\" data-id=\"236\" src=\"https:\/\/purbasari.nl\/wp-content\/uploads\/2021\/04\/Rainforest-alliance-2.jpg\" alt=\"\" class=\"wp-image-236\" srcset=\"https:\/\/purbasari.nl\/wp-content\/uploads\/2021\/04\/Rainforest-alliance-2.jpg 547w, https:\/\/purbasari.nl\/wp-content\/uploads\/2021\/04\/Rainforest-alliance-2-300x168.jpg 300w\" sizes=\"auto, (max-width: 547px) 100vw, 547px\" \/><\/figure>\n<\/figure>\n<\/div><\/div>\n\n\n\n<div class=\"wp-block-buttons is-horizontal is-content-justification-center is-layout-flex wp-container-core-buttons-is-layout-499968f5 wp-block-buttons-is-layout-flex\"><\/div>\n\n\n\n<hr class=\"wp-block-separator has-css-opacity\"\/>\n\n\n\n<figure class=\"wp-block-image size-large is-resized\"><img loading=\"lazy\" decoding=\"async\" width=\"844\" height=\"1024\" src=\"https:\/\/purbasari.nl\/wp-content\/uploads\/2021\/04\/DSC_7059-844x1024.jpeg\" alt=\"\" class=\"wp-image-264\" style=\"width:267px;height:323px\" srcset=\"https:\/\/purbasari.nl\/wp-content\/uploads\/2021\/04\/DSC_7059-844x1024.jpeg 844w, https:\/\/purbasari.nl\/wp-content\/uploads\/2021\/04\/DSC_7059-247x300.jpeg 247w, https:\/\/purbasari.nl\/wp-content\/uploads\/2021\/04\/DSC_7059-768x932.jpeg 768w, https:\/\/purbasari.nl\/wp-content\/uploads\/2021\/04\/DSC_7059-1266x1536.jpeg 1266w, https:\/\/purbasari.nl\/wp-content\/uploads\/2021\/04\/DSC_7059-1688x2048.jpeg 1688w, https:\/\/purbasari.nl\/wp-content\/uploads\/2021\/04\/DSC_7059-612x743.jpeg 612w, https:\/\/purbasari.nl\/wp-content\/uploads\/2021\/04\/DSC_7059-1224x1485.jpeg 1224w, https:\/\/purbasari.nl\/wp-content\/uploads\/2021\/04\/DSC_7059-936x1136.jpeg 936w, https:\/\/purbasari.nl\/wp-content\/uploads\/2021\/04\/DSC_7059-1872x2272.jpeg 1872w, https:\/\/purbasari.nl\/wp-content\/uploads\/2021\/04\/DSC_7059-1440x1748.jpeg 1440w, https:\/\/purbasari.nl\/wp-content\/uploads\/2021\/04\/DSC_7059-720x874.jpeg 720w\" sizes=\"auto, (max-width: 844px) 100vw, 844px\" \/><\/figure>\n\n\n\n<p class=\"has-text-align-center\"><em>Meer weten over onze koffie? Mail dan naar info@purbasari.nl<\/em><\/p>\n\n\n\n<hr class=\"wp-block-separator has-alpha-channel-opacity\"\/>\n","protected":false},"excerpt":{"rendered":"<p>Bestel hier je verse koffiebonen. Gratis bezorgd in Duiven en omgeving. Al onze koffies zijn Single Origins van hoge kwaliteit. Single Origin betekent dat de koffiebonen afkomstig zijn van \u00e9\u00e9n bepaalde co\u00f6peratie, plantage of boerderij. Daardoor heeft elke koffie zijn eigen smaak. Leuk om af en toe iets anders uit te proberen! Brazili\u00eb | Fazenda&#8230; <a href=\"https:\/\/purbasari.nl\/?page_id=37\">Continue reading <span class=\"screen-reader-text\">&#8220;Onze koffiebonen&#8221;<\/span><\/a><\/p>\n","protected":false},"author":2,"featured_media":0,"parent":0,"menu_order":0,"comment_status":"closed","ping_status":"closed","template":"","meta":{"footnotes":""},"class_list":["post-37","page","type-page","status-publish","hentry"],"_links":{"self":[{"href":"https:\/\/purbasari.nl\/index.php?rest_route=\/wp\/v2\/pages\/37","targetHints":{"allow":["GET"]}}],"collection":[{"href":"https:\/\/purbasari.nl\/index.php?rest_route=\/wp\/v2\/pages"}],"about":[{"href":"https:\/\/purbasari.nl\/index.php?rest_route=\/wp\/v2\/types\/page"}],"author":[{"embeddable":true,"href":"https:\/\/purbasari.nl\/index.php?rest_route=\/wp\/v2\/users\/2"}],"replies":[{"embeddable":true,"href":"https:\/\/purbasari.nl\/index.php?rest_route=%2Fwp%2Fv2%2Fcomments&post=37"}],"version-history":[{"count":22,"href":"https:\/\/purbasari.nl\/index.php?rest_route=\/wp\/v2\/pages\/37\/revisions"}],"predecessor-version":[{"id":741,"href":"https:\/\/purbasari.nl\/index.php?rest_route=\/wp\/v2\/pages\/37\/revisions\/741"}],"wp:attachment":[{"href":"https:\/\/purbasari.nl\/index.php?rest_route=%2Fwp%2Fv2%2Fmedia&parent=37"}],"curies":[{"name":"wp","href":"https:\/\/api.w.org\/{rel}","templated":true}]}}